{"id":5391,"date":"2023-04-06T09:58:06","date_gmt":"2023-04-06T09:58:06","guid":{"rendered":"https:\/\/www.punkgrossos.com\/?page_id=5391"},"modified":"2026-02-26T14:26:38","modified_gmt":"2026-02-26T14:26:38","slug":"concerts-tour-dates","status":"publish","type":"page","link":"https:\/\/www.punkgrossos.com\/index.php\/concerts-tour-dates\/","title":{"rendered":"Concerts \/ Tour dates"},"content":{"rendered":"\n<p><\/p>\n\n\n\n<p><\/p>\n\n\n\n<p><strong>2026<\/strong><\/p>\n\n\n\n<p><strong>7 de Juny<\/strong> &#8211; Concert a la Festa Major de Font d&#8217;en Fargues<\/p>\n\n\n\n<p><strong>25 de Juny<\/strong> &#8211; Casal Vil\u00b7la Urania<\/p>\n\n\n\n<p><strong>2025<\/strong><\/p>\n\n\n\n<p><strong>13 de Setembre<\/strong> &#8211; Altaveu en Familia, Sant Boi del Llobregat &#8211; Pla\u00e7a de l&#8217;Ajuntament 11h<\/p>\n\n\n\n<p><strong>22 de Mar\u00e7<\/strong> &#8211; 20\u00e8 Aniversari de l&#8217;Esplai Xang\u00f3 (Font d&#8217;en Fargues) &#8211; 18h<\/p>\n\n\n\n<p><strong>2024<\/strong><\/p>\n\n\n\n<p><strong>11 de Maig<\/strong> &#8211; Festa Major del Guinard\u00f3 &#8211; Sarau a la Pla\u00e7a del Guinard\u00f3<\/p>\n\n\n\n<p><strong>15 de Juny<\/strong> &#8211; Festa F\u00ed de Curs de l&#8217;escola Congr\u00e9s-Indians<\/p>\n\n\n\n<p><strong>2023<\/strong><\/p>\n\n\n\n<p><strong>11 de Mar\u00e7 <\/strong>&#8211; Centenari de l&#8217;escola Farigola de Vallcarca. <\/p>\n\n\n\n<p><strong>13 de Maig<\/strong> &#8211; Festa Major del Guinard\u00f3 &#8211; Sarau a la Pla\u00e7a del Guinard\u00f3 12h.<\/p>\n\n\n\n<p><strong>27 de Maig <\/strong>&#8211; Festa a l&#8217;Escola Baloo.<\/p>\n\n\n\n<p><strong>7 d&#8217;Octubre <\/strong>&#8211; 45\u00e8 aniversari de la Llibreria Rocaguinarda &#8211; Pla\u00e7a Rosa Galobardes (Mercat del Guinard\u00f3) 10:30h.<\/p>\n\n\n\n<p><strong>21 d&#8217;Octubre<\/strong> &#8211; FESTIDRETS Creu Roja Joventut &#8211; Ctra de Roda 15, Vic.  15:00h.<\/p>\n\n\n\n<p><strong>4 de Novembre<\/strong> &#8211; Centenari de l&#8217;escola Parc del Guinard\u00f3. <\/p>\n\n\n\n<p><strong>17 de Novembre<\/strong> &#8211; Casal de la Prosperitat, &#8220;Dia dels drets dels infants&#8221; 18:30h.<\/p>\n\n\n\n<p><\/p>\n\n\n\n<p><strong>2022<\/strong><\/p>\n\n\n\n<p>Carnaval del Guinard\u00f3<\/p>\n\n\n\n<p>Sarau del Guinard\u00f3<\/p>\n\n\n\n<p>Escola \u00c0ngels Garriga<\/p>\n\n\n\n<p>Escola Torrent d&#8217;en Melis<\/p>\n\n\n\n<p><\/p>\n\n\n\n<p><strong>2021<\/strong><\/p>\n\n\n\n<p>St. Jordi al Mas Guinard\u00f3<\/p>\n\n\n\n<p>La Conejera<\/p>\n\n\n\n<p>Festa Major de Cerdanyola de Matar\u00f3<\/p>\n\n\n\n<p>Festa del Comer\u00e7 als jardins de Pla Armengol<\/p>\n\n\n\n<p>Concert Radio Contrabanda a la Pla\u00e7a Reial<\/p>\n\n\n\n<p><\/p>\n\n\n\n<p><strong>2020<\/strong><\/p>\n\n\n\n<p>Concert a la Casa dels Xuklis<\/p>\n\n\n\n<p><\/p>\n\n\n\n<p><strong>2019<\/strong><\/p>\n\n\n\n<p>Sarau del Guinard\u00f3<\/p>\n\n\n\n<p>Escola Parc del Guinard\u00f3<\/p>\n\n\n\n<p>Concert a la Pla\u00e7a del Nen de la Rutlla<\/p>\n\n\n\n<p>Pedrafest a Saldes<\/p>\n\n\n\n<p>Sarau de Nadal<\/p>\n\n\n\n<p><\/p>\n\n\n\n<p><strong>2018<\/strong><\/p>\n\n\n\n<p>Escola Fluvi\u00e0<\/p>\n\n\n\n<p>Escola Parc del Guinard\u00f3<\/p>\n\n\n\n<p>Sarau del Nadal<\/p>\n\n\n\n<p><\/p>\n\n\n\n<p><strong>2017<\/strong><\/p>\n\n\n\n<p>Escola Parc del Guinard\u00f3<\/p>\n","protected":false},"excerpt":{"rendered":"<p>2026 7 de Juny &#8211; Concert a la Festa Major de Font d&#8217;en Fargues 25 de Juny &#8211; Casal Vil\u00b7la Urania 2025 13 de Setembre &#8211; Altaveu en Familia, Sant Boi del Llobregat &#8211; Pla\u00e7a de l&#8217;Ajuntament 11h 22 de Mar\u00e7 &#8211; 20\u00e8 Aniversari de l&#8217;Esplai Xang\u00f3 (Font d&#8217;en Fargues) &#8211; 18h 2024 11 de &hellip; <\/p>\n<p class=\"link-more\"><a href=\"https:\/\/www.punkgrossos.com\/index.php\/concerts-tour-dates\/\" class=\"more-link\">Continua llegint <span class=\"screen-reader-text\">\u00abConcerts \/ Tour dates\u00bb<\/span><\/a><\/p>\n","protected":false},"author":1,"featured_media":0,"parent":0,"menu_order":3,"comment_status":"closed","ping_status":"closed","template":"","meta":{"footnotes":""},"class_list":["post-5391","page","type-page","status-publish","hentry"],"jetpack_sharing_enabled":true,"_links":{"self":[{"href":"https:\/\/www.punkgrossos.com\/index.php\/wp-json\/wp\/v2\/pages\/5391","targetHints":{"allow":["GET"]}}],"collection":[{"href":"https:\/\/www.punkgrossos.com\/index.php\/wp-json\/wp\/v2\/pages"}],"about":[{"href":"https:\/\/www.punkgrossos.com\/index.php\/wp-json\/wp\/v2\/types\/page"}],"author":[{"embeddable":true,"href":"https:\/\/www.punkgrossos.com\/index.php\/wp-json\/wp\/v2\/users\/1"}],"replies":[{"embeddable":true,"href":"https:\/\/www.punkgrossos.com\/index.php\/wp-json\/wp\/v2\/comments?post=5391"}],"version-history":[{"count":19,"href":"https:\/\/www.punkgrossos.com\/index.php\/wp-json\/wp\/v2\/pages\/5391\/revisions"}],"predecessor-version":[{"id":8723,"href":"https:\/\/www.punkgrossos.com\/index.php\/wp-json\/wp\/v2\/pages\/5391\/revisions\/8723"}],"wp:attachment":[{"href":"https:\/\/www.punkgrossos.com\/index.php\/wp-json\/wp\/v2\/media?parent=5391"}],"curies":[{"name":"wp","href":"https:\/\/api.w.org\/{rel}","templated":true}]}}