{"id":8609,"date":"2025-07-02T18:06:20","date_gmt":"2025-07-02T18:06:20","guid":{"rendered":"https:\/\/www.punkgrossos.com\/?page_id=8609"},"modified":"2025-08-11T11:26:08","modified_gmt":"2025-08-11T11:26:08","slug":"material-de-premsa","status":"publish","type":"page","link":"https:\/\/www.punkgrossos.com\/index.php\/material-de-premsa\/","title":{"rendered":"Qui som? Qu\u00e8 fem?"},"content":{"rendered":"\n<figure class=\"wp-block-image size-large\"><img loading=\"lazy\" decoding=\"async\" width=\"1024\" height=\"791\" src=\"https:\/\/www.punkgrossos.com\/wp-content\/uploads\/2025\/07\/PG-1024x791.jpeg\" alt=\"\" class=\"wp-image-8610\" srcset=\"https:\/\/www.punkgrossos.com\/wp-content\/uploads\/2025\/07\/PG-1024x791.jpeg 1024w, https:\/\/www.punkgrossos.com\/wp-content\/uploads\/2025\/07\/PG-300x232.jpeg 300w, https:\/\/www.punkgrossos.com\/wp-content\/uploads\/2025\/07\/PG-768x593.jpeg 768w, https:\/\/www.punkgrossos.com\/wp-content\/uploads\/2025\/07\/PG-1536x1187.jpeg 1536w, https:\/\/www.punkgrossos.com\/wp-content\/uploads\/2025\/07\/PG.jpeg 1600w\" sizes=\"auto, (max-width: 767px) 89vw, (max-width: 1000px) 54vw, (max-width: 1071px) 543px, 580px\" \/><\/figure>\n\n\n\n<p><strong>Punkgrossos<\/strong> \u00e9s un <strong>grup de <\/strong><em><strong>Punk-Rock &#8220;not-edad&#8221;<\/strong><\/em> nascut a Barcelona el 2016, format per m\u00fasics apassionats del punk i la m\u00fasica en directe. La seva missi\u00f3: versionar <strong>can\u00e7ons tradicionals i temes populars<\/strong> amb una actitud i energia punk, sota el lema <strong>\u201cPunk Not Edad\u201d<\/strong> (o \u201cPunk is not DEAD, is not EDAD\u201d).<\/p>\n\n\n\n<p><strong><em>&#8220;Creiem que el punk rock no t\u00e9 edat ni l\u00edmits. No som una banda de m\u00fasica infantil, ni per a adults, sin\u00f3 per a totes les edats.&#8221;<\/em><\/strong><\/p>\n\n\n\n<p><strong><em>&#8220;Les festes de barri, festes majors o celebracions populars, s\u00f3n el nostre terreny: on el punk es barreja amb la festa i tothom acaba saltant i cantant a la mateixa sintonia.&#8221;<\/em><\/strong><\/p>\n\n\n\n<h2 class=\"wp-block-heading\"><strong>\ud83c\udfb5 M\u00fasica i Discografia<\/strong><\/h2>\n\n\n\n<ul class=\"wp-block-list\">\n<li>Punkgrossos ha anat consolidant la seva proposta musical amb llan\u00e7aments propis que barregen energia punk amb altres estils musicals com el <strong>Rock &amp; Rol<\/strong>l, <strong>Reggae<\/strong> i <strong>Ska, <\/strong>amb humor i un fort vincle amb la cultura popular.<\/li>\n<\/ul>\n\n\n\n<ul class=\"wp-block-list\">\n<li><strong>\ud83c\udf99\ufe0f EP: <\/strong><strong><em>Punk Rock Familiar<\/em><\/strong><strong> (2022)<\/strong><\/li>\n\n\n\n<li>El primer llan\u00e7ament del grup, un recull de temes curts, potents i directes, pensat per presentar l\u2019estil de la banda: punk-rock per a tots els p\u00fablics, amb versions de can\u00e7ons tradicionals, sintonies m\u00edtiques i temes originals.<br><\/li>\n\n\n\n<li><strong>\ud83d\udcbf Disc: <\/strong><strong><em>Punks Not Edad<\/em><\/strong><strong> (2023)<\/strong><\/li>\n\n\n\n<li>El seu primer \u00e0lbum complet, publicat el 10 de mar\u00e7 de 2023, consolida el seu missatge i so. Inclou adaptacions punk de cl\u00e0ssics populars com \u201cEl Gegant del Pi\u201d, \u201cCielito Lindo\u201d, \u201cFrozen\u201d, \u201cSpiderman\u201d o \u201cBatman\u201d, juntament amb composicions pr\u00f2pies..<\/li>\n<\/ul>\n\n\n\n<h2 class=\"wp-block-heading\"><strong>\ud83d\udcf0 Reconeixement i Rellev\u00e0ncia<\/strong><\/h2>\n\n\n\n<ul class=\"wp-block-list\">\n<li>El Disc &#8220;<strong><em>Punks Not Edad<\/em><\/strong>&#8221; va ser nominat al <strong>Premi Xesco Boix Enderrock 2024<\/strong> en la categoria de millor disc per a p\u00fablic familiar.<br><\/li>\n\n\n\n<li>Ressenyes i entrevistes a blogs, r\u00e0dios i mitjans musicals destacant la seva proposta com a alternativa fresca i original dins l\u2019escena musical catalana.<\/li>\n<\/ul>\n\n\n\n<p><em>  \u201cAgafa can\u00e7ons com El gegant del pi o El lle\u00f3 no em fa por i les passa per la trituradora. El resultat val la pena i agrada a grans i menuts\u201d <\/em>&#8211; <a href=\"https:\/\/cavallfort.cat\/punk-rock-familiar\/\">Revista Cavall Fort<\/a><\/p>\n\n\n\n<p><em>  \u201cVersionan temas infantiles al estilo punk, para acercar esta m\u00fasica a los m\u00e1s peque\u00f1os y as\u00ed educar los o\u00eddos de la infancia. En su repertorio podemos encontrar desde canciones como \u00abBatman\u00bb, \u00abSpider-Man\u00bb [&#8230;], hasta otras cl\u00e1sicas como \u00abEl Gegant del Pi\u00bb y \u00abLa Cucaracha\u00bb, o para m\u00e1s adultos; como \u00abCielito Lindo\u00bb, todas pasadas por el filtro del punk y dando tralla\u201d<\/em> &#8211; Entrevista a <a href=\"https:\/\/metalcry.com\/entrevista-a-punkgrossos-en-realidad-no-hacemos-covers-pasamos-las-canciones-por-el-turmix-a-los-ninos-les-gustan-las-papillas\/\">metalcry.com<\/a><\/p>\n\n\n\n<h2 class=\"wp-block-heading\"><strong>\ud83d\udccb Per qu\u00e8 comptar amb Punkgrossos?<\/strong><\/h2>\n\n\n\n<ol class=\"wp-block-list\">\n<li><strong>Proposta \u00fanica<\/strong>: punk-rock basat en temes tradicionals, amb actitud i festa.<\/li>\n\n\n\n<li><strong>Espectacle per a tots els p\u00fablics<\/strong>: dissenyat per agradar a gent de totes les edats.<\/li>\n\n\n\n<li><strong>Reconeixement i qualitat<\/strong>: nominacions, difusi\u00f3 en mitjans i resposta del p\u00fablic.<\/li>\n\n\n\n<li><strong>Missatge positiu<\/strong>: autenticitat, diversi\u00f3 i esperit comunitari.<\/li>\n<\/ol>\n\n\n\n<h2 class=\"wp-block-heading\"><strong>\ud83d\udce9 Contacte &amp; Xarxes<\/strong><\/h2>\n\n\n\n<ul class=\"wp-block-list\">\n<li><strong>Email<\/strong>: <a href=\"mailto:punkgrossos@gmail.com\">punkgrossos@gmail.com<\/a><\/li>\n\n\n\n<li><strong>Web oficial<\/strong>:<a href=\"https:\/\/www.punkgrossos.com\"> <\/a><a href=\"http:\/\/www.punkgrossos.com\">www.punkgrossos.com<\/a><\/li>\n\n\n\n<li><strong>Spotify<\/strong>:<a href=\"https:\/\/www.punkgrossos.com\"> <\/a><a href=\"https:\/\/open.spotify.com\/artist\/7f1MzN7O8im6Gyd2PYlXjo?si=ql3DTVzjT_eTTwc2pGYchA\">Punkgrossos<\/a><\/li>\n\n\n\n<li><strong>Instagram<\/strong>:<a href=\"https:\/\/instagram.com\/punkgrossos\"> instagram.com\/punkgrossos<\/a><\/li>\n\n\n\n<li><strong>YouTube<\/strong>:<a href=\"https:\/\/youtube.com\/@punkgrossos\"> <\/a><a href=\"http:\/\/youtube.com\/@punkgrossos\" data-type=\"link\" data-id=\"youtube.com\/@punkgrossos\">youtube.com\/@punkgrossos<\/a><\/li>\n<\/ul>\n","protected":false},"excerpt":{"rendered":"<p>Punkgrossos \u00e9s un grup de Punk-Rock &#8220;not-edad&#8221; nascut a Barcelona el 2016, format per m\u00fasics apassionats del punk i la m\u00fasica en directe. La seva missi\u00f3: versionar can\u00e7ons tradicionals i temes populars amb una actitud i energia punk, sota el lema \u201cPunk Not Edad\u201d (o \u201cPunk is not DEAD, is not EDAD\u201d). &#8220;Creiem que el &hellip; <\/p>\n<p class=\"link-more\"><a href=\"https:\/\/www.punkgrossos.com\/index.php\/material-de-premsa\/\" class=\"more-link\">Continua llegint <span class=\"screen-reader-text\">\u00abQui som? Qu\u00e8 fem?\u00bb<\/span><\/a><\/p>\n","protected":false},"author":1,"featured_media":0,"parent":0,"menu_order":1,"comment_status":"closed","ping_status":"closed","template":"","meta":{"footnotes":""},"class_list":["post-8609","page","type-page","status-publish","hentry"],"jetpack_sharing_enabled":true,"_links":{"self":[{"href":"https:\/\/www.punkgrossos.com\/index.php\/wp-json\/wp\/v2\/pages\/8609","targetHints":{"allow":["GET"]}}],"collection":[{"href":"https:\/\/www.punkgrossos.com\/index.php\/wp-json\/wp\/v2\/pages"}],"about":[{"href":"https:\/\/www.punkgrossos.com\/index.php\/wp-json\/wp\/v2\/types\/page"}],"author":[{"embeddable":true,"href":"https:\/\/www.punkgrossos.com\/index.php\/wp-json\/wp\/v2\/users\/1"}],"replies":[{"embeddable":true,"href":"https:\/\/www.punkgrossos.com\/index.php\/wp-json\/wp\/v2\/comments?post=8609"}],"version-history":[{"count":15,"href":"https:\/\/www.punkgrossos.com\/index.php\/wp-json\/wp\/v2\/pages\/8609\/revisions"}],"predecessor-version":[{"id":8680,"href":"https:\/\/www.punkgrossos.com\/index.php\/wp-json\/wp\/v2\/pages\/8609\/revisions\/8680"}],"wp:attachment":[{"href":"https:\/\/www.punkgrossos.com\/index.php\/wp-json\/wp\/v2\/media?parent=8609"}],"curies":[{"name":"wp","href":"https:\/\/api.w.org\/{rel}","templated":true}]}}